{"id":616,"date":"2017-05-12T09:29:12","date_gmt":"2017-05-12T07:29:12","guid":{"rendered":"http:\/\/dwanatrzy.home.pl\/autoinstalator\/wordpress6\/?page_id=616"},"modified":"2018-05-28T13:00:37","modified_gmt":"2018-05-28T11:00:37","slug":"sponsorzy","status":"publish","type":"page","link":"https:\/\/racingteam.2x3.pl\/index.php\/sponsorzy\/","title":{"rendered":"Sponsorzy i Partnerzy"},"content":{"rendered":"<p>&nbsp;<\/p>\n<p>&nbsp;<\/p>\n<p>&nbsp;<\/p>\n<p><a href=\"https:\/\/www.2x3.pl\"><div class='content-column one_third'><img loading=\"lazy\" decoding=\"async\" class=\"alignnone size-full wp-image-629\" src=\"https:\/\/racingteam.2x3.pl\/wp-content\/uploads\/2017\/05\/2x3.png\" alt=\"\" width=\"500\" height=\"200\" \/><\/a><\/p>\n<p>Producent i dystrybutor produkt\u00f3w komunikacji wizualnej dla rynku biurowego i edukacji<\/p><\/div><a href=\"https:\/\/www.2x3.pl\/produkty\/starboard\/\"><div class='content-column one_third'><img loading=\"lazy\" decoding=\"async\" class=\"alignnone size-full wp-image-630\" src=\"https:\/\/racingteam.2x3.pl\/wp-content\/uploads\/2017\/05\/star.png\" alt=\"\" width=\"500\" height=\"200\" \/><\/a><\/p>\n<p>Najwy\u017cszej jako\u015bci tablice, flipcharty oraz akcesoria do tablic dla wymagaj\u0105cych klient\u00f3w.<\/p><\/div><a href=\"https:\/\/www.2x3.pl\/produkty\/av-solutions\/tablice-interaktywne\/\"><div class='content-column one_third'><img loading=\"lazy\" decoding=\"async\" class=\"alignnone size-full wp-image-625\" src=\"https:\/\/racingteam.2x3.pl\/wp-content\/uploads\/2017\/05\/esprit.png\" alt=\"\" width=\"500\" height=\"200\" \/><\/a><\/p>\n<p>Projektory i tablice interaktywne<\/p><\/div><a href=\"http:\/\/www.danielo.pl\"><div class='content-column one_third'><img loading=\"lazy\" decoding=\"async\" class=\"alignnone size-full wp-image-623\" src=\"https:\/\/racingteam.2x3.pl\/wp-content\/uploads\/2017\/05\/daneilo.png\" alt=\"\" width=\"500\" height=\"200\" \/><\/a><\/p>\n<p>Producent najwy\u017cszej jako\u015bci odzie\u017cy i akcesori\u00f3w dla team\u00f3w kolarskich.<\/p><\/div><a href=\"http:\/\/www.bodyicoach.com\"><div class='content-column one_third'><img loading=\"lazy\" decoding=\"async\" class=\"alignnone size-full wp-image-635\" src=\"https:\/\/racingteam.2x3.pl\/wp-content\/uploads\/2017\/05\/bodycoach.png\" alt=\"\" width=\"500\" height=\"200\" \/><\/a><\/p>\n<p>Us\u0142ugi trenerskie i dietetyczne dla ludzi aktywnych &#8211; amatorow i zawodowc\u00f3w<\/p><\/div><a href=\"http:\/\/www.pol-sport.com\"><div class='content-column one_third'><img loading=\"lazy\" decoding=\"async\" class=\"alignnone size-full wp-image-637\" src=\"https:\/\/racingteam.2x3.pl\/wp-content\/uploads\/2017\/05\/polsport.png\" alt=\"\" width=\"500\" height=\"200\" \/><\/a><\/p>\n<p>Dystrybutor rower\u00f3w i akcesori\u00f3w rowerowych<\/p><\/div><a href=\"http:\/\/enervit.pl\"><div class='content-column one_third'><img loading=\"lazy\" decoding=\"async\" class=\"alignnone size-full wp-image-634\" src=\"https:\/\/racingteam.2x3.pl\/wp-content\/uploads\/2017\/05\/enervit.png\" alt=\"\" width=\"500\" height=\"200\" \/><\/a><\/p>\n<p>Od\u017cywki dla sportowc\u00f3w<\/p>\n<p style=\"text-align: center;\"><\/div><a href=\"https:\/\/www.specialized.com\/pl\/pl\"><div class='content-column one_third'><img loading=\"lazy\" decoding=\"async\" class=\"aligncenter\" src=\"https:\/\/racingteam.2x3.pl\/wp-content\/uploads\/2018\/05\/22780626_719078034966950_1394516793326848315_n.jpg\" alt=\"\" width=\"80\" height=\"80\" \/><\/a><\/p>\n<p>&nbsp;<br \/>\n&nbsp;<\/p>\n<p>&nbsp;<br \/>\nSklep z rowerami g\u00f3rskimi<br \/>\n&nbsp;<\/p>\n<p style=\"text-align: center;\"><\/div><\/p>\n<p><a href=\"www.synkros.pl\"><div class='content-column one_third'><img loading=\"lazy\" decoding=\"async\" class=\"aligncenter\" src=\"https:\/\/racingteam.2x3.pl\/wp-content\/uploads\/2018\/05\/26815416_1408646515929564_3699907595112462252_n.png\" alt=\"\" width=\"80\" height=\"80\" \/><\/a><\/p>\n<p>&nbsp;<br \/>\n&nbsp;<\/p>\n<p>&nbsp;<br \/>\nSynkros Dariusz Suchodolski &#8211; sklep rowerowy w Szczecinie<br \/>\n&nbsp;<\/p>\n<p style=\"text-align: center;\"><\/div><\/p>\n<p><a href=\"http:\/\/www.swedish-supplements.com.pl\/\"><div class='content-column one_third'><img loading=\"lazy\" decoding=\"async\" class=\"aligncenter\" src=\"https:\/\/racingteam.2x3.pl\/wp-content\/uploads\/2018\/05\/18528045_1496967777028332_3856632194489608882_n.png\" alt=\"\" width=\"80\" height=\"80\" \/><\/a><\/p>\n<p>&nbsp;<br \/>\n&nbsp;<\/p>\n<p>&nbsp;<br \/>\nSwedish Supplements Poland &#8211; suplementy dla sportowc\u00f3w<br \/>\n&nbsp;<\/p>\n<p style=\"text-align: center;\"><\/div><\/p>\n<p><a href=\"http:\/\/www.vergesport.com\/\"><div class='content-column one_third'><img loading=\"lazy\" decoding=\"async\" class=\"aligncenter\" src=\"https:\/\/racingteam.2x3.pl\/wp-content\/uploads\/2018\/05\/12509270_10153518968109440_5657127306899980488_n.jpg\" alt=\"\" width=\"80\" height=\"80\" \/><\/a><\/p>\n<p>&nbsp;<br \/>\n&nbsp;<\/p>\n<p>&nbsp;<br \/>\nVerge Sport &#8211; sklep z odzie\u017c\u0105 sportow\u0105<br \/>\n&nbsp;<\/p>\n<p style=\"text-align: center;\"><\/div><\/p>\n","protected":false},"excerpt":{"rendered":"<p>&nbsp; &nbsp; &nbsp;<\/p>\n","protected":false},"author":5,"featured_media":0,"parent":0,"menu_order":0,"comment_status":"closed","ping_status":"closed","template":"","meta":{"_themeisle_gutenberg_block_has_review":false,"footnotes":""},"class_list":["post-616","page","type-page","status-publish","hentry"],"_links":{"self":[{"href":"https:\/\/racingteam.2x3.pl\/index.php\/wp-json\/wp\/v2\/pages\/616","targetHints":{"allow":["GET"]}}],"collection":[{"href":"https:\/\/racingteam.2x3.pl\/index.php\/wp-json\/wp\/v2\/pages"}],"about":[{"href":"https:\/\/racingteam.2x3.pl\/index.php\/wp-json\/wp\/v2\/types\/page"}],"author":[{"embeddable":true,"href":"https:\/\/racingteam.2x3.pl\/index.php\/wp-json\/wp\/v2\/users\/5"}],"replies":[{"embeddable":true,"href":"https:\/\/racingteam.2x3.pl\/index.php\/wp-json\/wp\/v2\/comments?post=616"}],"version-history":[{"count":0,"href":"https:\/\/racingteam.2x3.pl\/index.php\/wp-json\/wp\/v2\/pages\/616\/revisions"}],"wp:attachment":[{"href":"https:\/\/racingteam.2x3.pl\/index.php\/wp-json\/wp\/v2\/media?parent=616"}],"curies":[{"name":"wp","href":"https:\/\/api.w.org\/{rel}","templated":true}]}}