{"id":433,"date":"2017-05-05T11:27:33","date_gmt":"2017-05-05T09:27:33","guid":{"rendered":"http:\/\/dwanatrzy.home.pl\/autoinstalator\/wordpress6\/?page_id=433"},"modified":"2017-10-17T14:56:02","modified_gmt":"2017-10-17T12:56:02","slug":"galeria","status":"publish","type":"page","link":"https:\/\/racingteam.2x3.pl\/index.php\/galeria\/","title":{"rendered":"Galeria"},"content":{"rendered":"<p>&nbsp;<\/p>\n<h2>&nbsp;<span style=\"font-size: 10pt;\"><a href=\"https:\/\/racingteam.2x3.pl\/index.php\/galeria-3\/\">\u2192 Powr\u00f3t do poprzedniej strony &nbsp;<\/a><\/span><\/h2>\n<p>&nbsp;<\/p>\n<p style=\"text-align: center;\"><div class='content-column one_third'><a href=\"https:\/\/racingteam.2x3.pl\/index.php\/zachodnia-liga-mtb-bogdaniec\/\"><img loading=\"lazy\" decoding=\"async\" class=\"alignnone size-full wp-image-767\" src=\"https:\/\/racingteam.2x3.pl\/wp-content\/uploads\/2017\/09\/aaaaaaaa.jpg\" alt=\"\" width=\"315\" height=\"185\"><span style=\"font-size: 10pt; text-align: center;\"><strong><br \/>\nZachodnia Liga MTB Bogdaniec<\/strong><\/span><\/a><\/div><div class='content-column one_third'><a href=\"https:\/\/racingteam.2x3.pl\/index.php\/zachodnia-liga-mtb-bledzew\/\"><img loading=\"lazy\" decoding=\"async\" class=\"alignnone size-full wp-image-767\" src=\"https:\/\/racingteam.2x3.pl\/wp-content\/uploads\/2017\/09\/aaaaaaa.jpg\" alt=\"\" width=\"315\" height=\"185\"><span style=\"font-size: 10pt; text-align: center;\"><strong><br \/>\nZachodnia Liga MTB Bledzew<\/strong><\/span><\/a><\/div><div class='content-column one_third last_column'><a href=\"https:\/\/racingteam.2x3.pl\/index.php\/trzy-wieze-xc-2017\/\"><img loading=\"lazy\" decoding=\"async\" class=\"alignnone size-full wp-image-767\" src=\"https:\/\/racingteam.2x3.pl\/wp-content\/uploads\/2017\/08\/111.jpg\" alt=\"\" width=\"315\" height=\"185\"><span style=\"font-size: 10pt; text-align: center;\"><strong><br \/>\nTrzy wie\u017ce XC 2017<\/strong><\/span><\/a><\/div><div class='clear_column'><\/div><br \/>\n&nbsp;<\/p>\n<p style=\"text-align: center;\"><div class='content-column one_third'><a href=\"https:\/\/racingteam.2x3.pl\/index.php\/zachodnia-liga-mtb-ed-6-krzeszyce\/\"><img loading=\"lazy\" decoding=\"async\" class=\"alignnone size-full wp-image-767\" src=\"https:\/\/racingteam.2x3.pl\/wp-content\/uploads\/2017\/08\/cropped-20449206_1808094389207670_5521041373174150519_o-1.jpg\" alt=\"\" width=\"315\" height=\"185\"><span style=\"font-size: 10pt; text-align: center;\"><strong><br \/>\nZachodnia Liga MTB ed. 6 Krzeszyce<\/strong><\/span><\/a><\/div><div class='content-column one_third'><a href=\"https:\/\/racingteam.2x3.pl\/index.php\/xii-maraton-dookola-miedwia\/\"><img loading=\"lazy\" decoding=\"async\" class=\"alignnone size-full wp-image-767\" src=\"https:\/\/racingteam.2x3.pl\/wp-content\/uploads\/2017\/08\/1.jpg\" alt=\"\" width=\"315\" height=\"185\"><span style=\"font-size: 10pt; text-align: center;\"><strong><br \/>\nXII Maraton Dooko\u0142a Miedwia<\/strong><\/span><\/a><\/div><div class='content-column one_third last_column'><a href=\"https:\/\/racingteam.2x3.pl\/index.php\/puchar-baltyku-kolobrzeg-mtbszosa\/\"><img loading=\"lazy\" decoding=\"async\" class=\"alignnone size-full wp-image-767\" src=\"https:\/\/racingteam.2x3.pl\/wp-content\/uploads\/2017\/08\/19430018_1766731826677260_7753124138330288039_n111111-1.jpg\" alt=\"\" width=\"315\" height=\"185\"><span style=\"font-size: 10pt; text-align: center;\"><strong><br \/>\nPuchar Ba\u0142tyku Ko\u0142obrzeg MTB\/Szosa<\/strong><\/span><\/a><\/div><div class='clear_column'><\/div><br \/>\n&nbsp;<\/p>\n<p style=\"text-align: center;\"><div class='content-column one_third'><a href=\"https:\/\/racingteam.2x3.pl\/index.php\/zlmtb-edycja-5-choszczno-xc\/\"><img loading=\"lazy\" decoding=\"async\" class=\"alignnone size-full wp-image-767\" src=\"https:\/\/racingteam.2x3.pl\/wp-content\/uploads\/2017\/06\/111.jpg\" alt=\"\" width=\"315\" height=\"185\"><span style=\"font-size: 10pt; text-align: center;\"><strong><br \/>\nZLMTB edycja #5 Choszczno XC<\/strong><\/span><\/a><\/div><div class='content-column one_third'><a href=\"https:\/\/racingteam.2x3.pl\/index.php\/zachodnia-liga-mtb-edycja-4-walcz\/\"><img loading=\"lazy\" decoding=\"async\" class=\"alignnone size-full wp-image-767\" src=\"https:\/\/racingteam.2x3.pl\/wp-content\/uploads\/2017\/06\/zlw.jpg\" alt=\"\" width=\"314\" height=\"185\"><span style=\"font-size: 10pt; text-align: center;\"><strong>Zachodnia Liga MTB edycja 4 Wa\u0142cz<\/strong><\/span><\/a><\/div><div class='content-column one_third last_column'><a href=\"https:\/\/racingteam.2x3.pl\/index.php\/polczyn-zdroj\/\"><img loading=\"lazy\" decoding=\"async\" class=\"alignnone size-full wp-image-767\" src=\"https:\/\/racingteam.2x3.pl\/wp-content\/uploads\/2017\/05\/18320669_1709162142434229_2554456565394308584_o-2.jpg\" alt=\"\" width=\"314\" height=\"185\" srcset=\"https:\/\/racingteam.2x3.pl\/wp-content\/uploads\/2017\/05\/18320669_1709162142434229_2554456565394308584_o-2.jpg 314w, https:\/\/racingteam.2x3.pl\/wp-content\/uploads\/2017\/05\/18320669_1709162142434229_2554456565394308584_o-2-300x177.jpg 300w\" sizes=\"auto, (max-width: 314px) 100vw, 314px\" \/><span style=\"font-size: 10pt; text-align: center;\"><strong>Zachodnia Liga MTB edycja #3 Po\u0142czyn-Zdr\u00f3j<\/strong><\/span><\/a><\/div><div class='clear_column'><\/div><br \/>\n&nbsp;<\/p>\n<p style=\"text-align: center;\"><div class='content-column one_third'><img loading=\"lazy\" decoding=\"async\" class=\"alignnone size-full wp-image-901\" src=\"https:\/\/racingteam.2x3.pl\/wp-content\/uploads\/2017\/05\/minia.png\" alt=\"\" width=\"318\" height=\"185\" srcset=\"https:\/\/racingteam.2x3.pl\/wp-content\/uploads\/2017\/05\/minia.png 318w, https:\/\/racingteam.2x3.pl\/wp-content\/uploads\/2017\/05\/minia-300x175.png 300w\" sizes=\"auto, (max-width: 318px) 100vw, 318px\" \/><a href=\"https:\/\/racingteam.2x3.pl\/index.php\/riva-del-garda-bike-festival\/\"><span style=\"font-size: 10pt; text-align: center;\"><strong><br \/>\n<span style=\"font-size: 10pt; text-align: center;\"><strong>Riva del Garda \u2013 Bike Festival<\/strong><\/span><\/strong><\/span><\/a><\/div><div class='content-column one_third'><a href=\"http:\/\/racingteam.2x3.pl\/index.php\/gryf-maraton-2017-edycja-1\/\"><img loading=\"lazy\" decoding=\"async\" class=\"alignnone size-full wp-image-851\" src=\"https:\/\/racingteam.2x3.pl\/wp-content\/uploads\/2017\/05\/miniatura.jpg\" alt=\"\" width=\"318\" height=\"185\" srcset=\"https:\/\/racingteam.2x3.pl\/wp-content\/uploads\/2017\/05\/miniatura.jpg 318w, https:\/\/racingteam.2x3.pl\/wp-content\/uploads\/2017\/05\/miniatura-300x175.jpg 300w\" sizes=\"auto, (max-width: 318px) 100vw, 318px\" \/><br \/>\n<span style=\"font-size: 10pt; text-align: center;\"><strong>Gryf Maraton 2017 edycja #1<\/strong><\/span><\/a><\/div><div class='content-column one_third last_column'><a href=\"https:\/\/racingteam.2x3.pl\/index.php\/slubice-miekinia-sobotka-08-09-04-2017\/\"><img loading=\"lazy\" decoding=\"async\" class=\"alignnone size-full wp-image-893\" src=\"https:\/\/racingteam.2x3.pl\/wp-content\/uploads\/2017\/04\/miniatura.jpg\" alt=\"\" width=\"318\" height=\"185\" srcset=\"https:\/\/racingteam.2x3.pl\/wp-content\/uploads\/2017\/04\/miniatura.jpg 318w, https:\/\/racingteam.2x3.pl\/wp-content\/uploads\/2017\/04\/miniatura-300x175.jpg 300w\" sizes=\"auto, (max-width: 318px) 100vw, 318px\" \/><span style=\"font-size: 10pt; text-align: center;\"><strong>S\u0142ubice, Mi\u0119kinia, Sob\u00f3tka 08-09.04.2017<\/strong><\/span><\/a><\/div><div class='clear_column'><\/div><br \/>\n&nbsp;<\/p>\n<p style=\"text-align: center;\"><div class='content-column one_third'><a href=\"https:\/\/racingteam.2x3.pl\/index.php\/zachodnia-liga-mtb-edycja-2-barlinek\/\"><img loading=\"lazy\" decoding=\"async\" class=\"alignnone size-full wp-image-913\" src=\"https:\/\/racingteam.2x3.pl\/wp-content\/uploads\/2017\/05\/miniaturka.jpg\" alt=\"\" width=\"318\" height=\"185\" srcset=\"https:\/\/racingteam.2x3.pl\/wp-content\/uploads\/2017\/05\/miniaturka.jpg 318w, https:\/\/racingteam.2x3.pl\/wp-content\/uploads\/2017\/05\/miniaturka-300x175.jpg 300w\" sizes=\"auto, (max-width: 318px) 100vw, 318px\" \/><span style=\"font-size: 10pt; text-align: center;\"><strong>Zachodnia Liga MTB edycja #2 Barlinek<\/strong><\/span><\/a><\/div><div class='content-column one_third'><a href=\"https:\/\/racingteam.2x3.pl\/index.php\/rozpoczecie-sezonu-2017\/\"><img loading=\"lazy\" decoding=\"async\" class=\"alignnone size-full wp-image-913\" src=\"https:\/\/racingteam.2x3.pl\/wp-content\/uploads\/2017\/05\/m.jpg\" alt=\"\" width=\"318\" height=\"185\"><span style=\"font-size: 10pt; text-align: center;\"><strong>Rozpocz\u0119cie sezonu 2017<\/strong><\/span><\/a><\/div><div class='content-column one_third last_column'><a href=\"https:\/\/racingteam.2x3.pl\/index.php\/2x3-racing-team-w-chorwacji\/\"><img loading=\"lazy\" decoding=\"async\" class=\"alignnone size-full wp-image-913\" src=\"https:\/\/racingteam.2x3.pl\/wp-content\/uploads\/2017\/05\/min.jpg\" alt=\"\" width=\"318\" height=\"185\"><br \/>\n<span style=\"font-size: 10pt; text-align: center;\"><strong>2&#215;3 Racing Team w Chorwacji<\/strong><\/span><\/a><\/div><div class='clear_column'><\/div><br \/>\n&nbsp;<\/p>\n<p>&nbsp;<\/p>\n<p><center><a class=\"fasc-button fasc-size-medium fasc-type-flat fasc-rounded-medium\" style=\"background-color: #c00c29; color: #ffffff;\" href=\"https:\/\/racingteam.2x3.pl\/index.php\/galeria-2\/\">POKA\u017b WI\u0118CEJ<\/a><\/center><\/p>\n","protected":false},"excerpt":{"rendered":"<p>&nbsp; &nbsp;\u2192 Powr\u00f3t do poprzedniej strony &nbsp; &nbsp; &nbsp; &nbsp; &nbsp; &nbsp; &nbsp; &nbsp; POKA\u017b WI\u0118CEJ<\/p>\n","protected":false},"author":5,"featured_media":0,"parent":0,"menu_order":0,"comment_status":"closed","ping_status":"closed","template":"","meta":{"_themeisle_gutenberg_block_has_review":false,"footnotes":""},"class_list":["post-433","page","type-page","status-publish","hentry"],"_links":{"self":[{"href":"https:\/\/racingteam.2x3.pl\/index.php\/wp-json\/wp\/v2\/pages\/433","targetHints":{"allow":["GET"]}}],"collection":[{"href":"https:\/\/racingteam.2x3.pl\/index.php\/wp-json\/wp\/v2\/pages"}],"about":[{"href":"https:\/\/racingteam.2x3.pl\/index.php\/wp-json\/wp\/v2\/types\/page"}],"author":[{"embeddable":true,"href":"https:\/\/racingteam.2x3.pl\/index.php\/wp-json\/wp\/v2\/users\/5"}],"replies":[{"embeddable":true,"href":"https:\/\/racingteam.2x3.pl\/index.php\/wp-json\/wp\/v2\/comments?post=433"}],"version-history":[{"count":0,"href":"https:\/\/racingteam.2x3.pl\/index.php\/wp-json\/wp\/v2\/pages\/433\/revisions"}],"wp:attachment":[{"href":"https:\/\/racingteam.2x3.pl\/index.php\/wp-json\/wp\/v2\/media?parent=433"}],"curies":[{"name":"wp","href":"https:\/\/api.w.org\/{rel}","templated":true}]}}