{"id":3040,"date":"2019-05-28T11:38:26","date_gmt":"2019-05-28T09:38:26","guid":{"rendered":"https:\/\/racingteam.2x3.pl\/?page_id=3040"},"modified":"2019-05-28T12:11:28","modified_gmt":"2019-05-28T10:11:28","slug":"wyniki-17","status":"publish","type":"page","link":"https:\/\/racingteam.2x3.pl\/index.php\/wyniki-17\/","title":{"rendered":"Wyniki"},"content":{"rendered":"\n<p style=\"text-align: center; margin-top: 250px;\"><span style=\"font-size: 24pt; color: black; font-weight: bold;\"><strong>2019<\/strong><\/span><\/p>\n<p>&nbsp;<\/p>\n<div id=\"kolumny13\">\n<p><a class=\"fasc-button fasc-size-large fasc-type-flat fasc-rounded-medium\" style=\"background-color: #ffffff; color: #c00c29;\" href=\"https:\/\/racingteam.2x3.pl\/index.php\/wyscigi\/\">12M.<\/a><\/p>\n<p><span style=\"font-family: 'arial black', sans-serif; color: #454545; font-size: 14pt;\"><strong>Szosowy klasyk Mi\u0119kinia 2019<\/strong><\/span><\/p>\n<p>kat. M4<\/p>\n<p>Jacek Kuzynin<\/p>\n<\/div>\n<hr>\n<div id=\"kolumny13\">\n<p><a class=\"fasc-button fasc-size-large fasc-type-flat fasc-rounded-medium\" style=\"background-color: #ffffff; color: #c00c29;\" href=\"https:\/\/racingteam.2x3.pl\/index.php\/wyscigi\/\">3M.<\/a><\/p>\n<p><span style=\"font-family: 'arial black', sans-serif; color: #454545; font-size: 14pt;\"><strong>MTB Mory\u0144<\/strong><\/span><\/p>\n<p>kat. M2<\/p>\n<p>Artur Malec<\/p>\n<\/div>\n<hr>\n<div id=\"kolumny13\">\n<p><a class=\"fasc-button fasc-size-large fasc-type-flat fasc-rounded-medium\" style=\"background-color: #ffffff; color: #c00c29;\" href=\"https:\/\/racingteam.2x3.pl\/index.php\/wyscigi\/\">32M.<\/a><\/p>\n<p><span style=\"font-family: 'arial black', sans-serif; color: #454545; font-size: 14pt;\"><strong>Sob\u00f3tka Via Dolny \u015al\u0105sk<\/strong><\/span><\/p>\n<p>kat. M2<\/p>\n<p>Micha\u0142 Konradowski<\/p>\n<\/div>\n<div id=\"kolumny13\">\n<p><a class=\"fasc-button fasc-size-large fasc-type-flat fasc-rounded-medium\" style=\"background-color: #ffffff; color: #c00c29;\" href=\"https:\/\/racingteam.2x3.pl\/index.php\/wyscigi\/\">29M.<\/a><\/p>\n<p><span style=\"font-family: 'arial black', sans-serif; color: #454545; font-size: 14pt;\"><strong>Sob\u00f3tka Via Dolny \u015al\u0105sk<\/strong><\/span><\/p>\n<p>kat. M3<\/p>\n<p>Przemys\u0142aw Burzych<\/p>\n<\/div>\n<div id=\"kolumny13\">\n<p><a class=\"fasc-button fasc-size-large fasc-type-flat fasc-rounded-medium\" style=\"background-color: #ffffff; color: #c00c29;\" href=\"https:\/\/racingteam.2x3.pl\/index.php\/wyscigi\/\">32M.<\/a><\/p>\n<p><span style=\"font-family: 'arial black', sans-serif; color: #454545; font-size: 14pt;\"><strong>Sob\u00f3tka Via Dolny \u015al\u0105sk<\/strong><\/span><\/p>\n<p>kat. M4<\/p>\n<p>Jacek Kuzynin<\/p>\n<\/div>\n<div id=\"kolumny13\">\n<p><a class=\"fasc-button fasc-size-large fasc-type-flat fasc-rounded-medium\" style=\"background-color: #ffffff; color: #c00c29;\" href=\"https:\/\/racingteam.2x3.pl\/index.php\/wyscigi\/\">48M.<\/a><\/p>\n<p><span style=\"font-family: 'arial black', sans-serif; color: #454545; font-size: 14pt;\"><strong>Sob\u00f3tka Via Dolny \u015al\u0105sk<\/strong><\/span><\/p>\n<p>kat. M4<\/p>\n<p>Przemys\u0142aw Janik<\/p>\n<\/div>\n<hr>\n<div id=\"kolumny13\">\n<p><a class=\"fasc-button fasc-size-large fasc-type-flat fasc-rounded-medium\" style=\"background-color: #ffffff; color: #c00c29;\" href=\"https:\/\/racingteam.2x3.pl\/index.php\/wyscigi\/\">16M.<\/a><\/p>\n<p><span style=\"font-family: 'arial black', sans-serif; color: #454545; font-size: 14pt;\"><strong>Puchar Polski XCO EOOM Bia\u0142ystok<\/strong><\/span><\/p>\n<p>kat. Junior M\u0142odszy<\/p>\n<p>Micha\u0142 Jasku\u0142a<\/p>\n<\/div>\n<div id=\"kolumny13\">\n<p><a class=\"fasc-button fasc-size-large fasc-type-flat fasc-rounded-medium\" style=\"background-color: #ffffff; color: #c00c29;\" href=\"https:\/\/racingteam.2x3.pl\/index.php\/wyscigi\/\">21M.<\/a><\/p>\n<p><span style=\"font-family: 'arial black', sans-serif; color: #454545; font-size: 14pt;\"><strong>Puchar Polski XCO EOOM Bia\u0142ystok<\/strong><\/span><\/p>\n<p>kat. Junior M\u0142odszy<\/p>\n<p>Stasiu Ku\u017amicki<\/p>\n<\/div>\n<hr>\n<div id=\"kolumny13\">\n<p><a class=\"fasc-button fasc-size-large fasc-type-flat fasc-rounded-medium\" style=\"background-color: #ffffff; color: #c00c29;\" href=\"https:\/\/racingteam.2x3.pl\/index.php\/wyscigi\/\">1M.<\/a><\/p>\n<p><span style=\"font-family: 'arial black', sans-serif; color: #454545; font-size: 14pt;\"><strong>SCOTT Cyclocross Challenge &#8211; Strzelce K.<\/strong><\/span><\/p>\n<p>kat. Junior M\u0142odszy<\/p>\n<p>Micha\u0142 Jasku\u0142a<\/p>\n<\/div>\n<div id=\"kolumny13\">\n<p><a class=\"fasc-button fasc-size-large fasc-type-flat fasc-rounded-medium\" style=\"background-color: #ffffff; color: #c00c29;\" href=\"https:\/\/racingteam.2x3.pl\/index.php\/wyscigi\/\">2M.<\/a><\/p>\n<p><span style=\"font-family: 'arial black', sans-serif; color: #454545; font-size: 14pt;\"><strong>SCOTT Cyclocross Challenge &#8211; Strzelce K.<\/strong><\/span><\/p>\n<p>kat. Junior M\u0142odszy<\/p>\n<p>Stasiu Ku\u017amicki<\/p>\n<\/div>\n<div id=\"kolumny13\">\n<p><a class=\"fasc-button fasc-size-large fasc-type-flat fasc-rounded-medium\" style=\"background-color: #ffffff; color: #c00c29;\" href=\"https:\/\/racingteam.2x3.pl\/index.php\/wyscigi\/\">1M.<\/a><\/p>\n<p><span style=\"font-family: 'arial black', sans-serif; color: #454545; font-size: 14pt;\"><strong>SCOTT Cyclocross Challenge &#8211; Generalna<\/strong><\/span><\/p>\n<p>kat. Cyclosport<\/p>\n<p>Micha\u0142 Konradowski<\/p>\n<\/div>\n<div id=\"kolumny13\">\n<p><a class=\"fasc-button fasc-size-large fasc-type-flat fasc-rounded-medium\" style=\"background-color: #ffffff; color: #c00c29;\" href=\"https:\/\/racingteam.2x3.pl\/index.php\/wyscigi\/\">3M.<\/a><\/p>\n<p><span style=\"font-family: 'arial black', sans-serif; color: #454545; font-size: 14pt;\"><strong>SCOTT Cyclocross Challenge &#8211; Generalna<\/strong><\/span><\/p>\n<p>kat. Masters 2<\/p>\n<p>Jacek Kuzynin<\/p>\n<\/div>\n<div id=\"kolumny13\">\n<p><a class=\"fasc-button fasc-size-large fasc-type-flat fasc-rounded-medium\" style=\"background-color: #ffffff; color: #c00c29;\" href=\"https:\/\/racingteam.2x3.pl\/index.php\/wyscigi\/\">5M.<\/a><\/p>\n<p><span style=\"font-family: 'arial black', sans-serif; color: #454545; font-size: 14pt;\"><strong>SCOTT Cyclocross Challenge &#8211; Generalna<\/strong><\/span><\/p>\n<p>kat. Masters 2<\/p>\n<p>Przemys\u0142aw Janik<\/p>\n<\/div>\n<div id=\"kolumny13\">\n<p><a class=\"fasc-button fasc-size-large fasc-type-flat fasc-rounded-medium\" style=\"background-color: #ffffff; color: #c00c29;\" href=\"https:\/\/racingteam.2x3.pl\/index.php\/wyscigi\/\">8M.<\/a><\/p>\n<p><span style=\"font-family: 'arial black', sans-serif; color: #454545; font-size: 14pt;\"><strong>SCOTT Cyclocross Challenge &#8211; Generalna<\/strong><\/span><\/p>\n<p>kat. Masters 3<\/p>\n<p>Remigiusz Ku\u017amicki<\/p>\n<\/div>\n<div id=\"kolumny13\">\n<p>&nbsp;<\/p>\n<\/div>\n<center><a class=\"fasc-button fasc-size-medium fasc-type-flat fasc-rounded-medium\" style=\"background-color: #ffffff; color: #c00c29;\" href=\"http:\/\/racingteam.2x3.pl\/index.php\/wyniki-16\/\"><strong>POKA\u017b WI\u0118CEJ<\/strong><\/a><\/center>\n<p>&nbsp;<\/p>\n","protected":false},"excerpt":{"rendered":"<p>2019 &nbsp; 12M. Szosowy klasyk Mi\u0119kinia 2019 kat. M4 Jacek Kuzynin 3M. MTB Mory\u0144 kat. M2 Artur Malec 32M. Sob\u00f3tka Via Dolny \u015al\u0105sk kat. M2 Micha\u0142 Konradowski 29M. Sob\u00f3tka Via Dolny \u015al\u0105sk kat. M3 Przemys\u0142aw Burzych 32M. Sob\u00f3tka Via Dolny \u015al\u0105sk kat. M4 Jacek Kuzynin 48M. Sob\u00f3tka Via Dolny \u015al\u0105sk [&hellip;]<\/p>\n","protected":false},"author":5,"featured_media":0,"parent":0,"menu_order":0,"comment_status":"closed","ping_status":"closed","template":"","meta":{"_themeisle_gutenberg_block_has_review":false,"footnotes":""},"class_list":["post-3040","page","type-page","status-publish","hentry"],"_links":{"self":[{"href":"https:\/\/racingteam.2x3.pl\/index.php\/wp-json\/wp\/v2\/pages\/3040","targetHints":{"allow":["GET"]}}],"collection":[{"href":"https:\/\/racingteam.2x3.pl\/index.php\/wp-json\/wp\/v2\/pages"}],"about":[{"href":"https:\/\/racingteam.2x3.pl\/index.php\/wp-json\/wp\/v2\/types\/page"}],"author":[{"embeddable":true,"href":"https:\/\/racingteam.2x3.pl\/index.php\/wp-json\/wp\/v2\/users\/5"}],"replies":[{"embeddable":true,"href":"https:\/\/racingteam.2x3.pl\/index.php\/wp-json\/wp\/v2\/comments?post=3040"}],"version-history":[{"count":12,"href":"https:\/\/racingteam.2x3.pl\/index.php\/wp-json\/wp\/v2\/pages\/3040\/revisions"}],"predecessor-version":[{"id":3053,"href":"https:\/\/racingteam.2x3.pl\/index.php\/wp-json\/wp\/v2\/pages\/3040\/revisions\/3053"}],"wp:attachment":[{"href":"https:\/\/racingteam.2x3.pl\/index.php\/wp-json\/wp\/v2\/media?parent=3040"}],"curies":[{"name":"wp","href":"https:\/\/api.w.org\/{rel}","templated":true}]}}