{"id":2556,"date":"2018-05-28T17:15:18","date_gmt":"2018-05-28T15:15:18","guid":{"rendered":"https:\/\/racingteam.2x3.pl\/?page_id=2556"},"modified":"2018-07-23T10:49:33","modified_gmt":"2018-07-23T08:49:33","slug":"wyniki-15","status":"publish","type":"page","link":"https:\/\/racingteam.2x3.pl\/index.php\/wyniki-15\/","title":{"rendered":"Wyniki"},"content":{"rendered":"<p style=\"text-align: center; margin-top: 250px;\"><span style=\"font-size: 24pt; color: black; font-weight: bold;\"><strong>2018<\/strong><\/span><\/p>\n<p>&nbsp;<\/p>\n<div id=\"kolumny13\">\n<p><a class=\"fasc-button fasc-size-large fasc-type-flat fasc-rounded-medium\" style=\"background-color: #ffffff; color: #c00c29;\" href=\"https:\/\/racingteam.2x3.pl\/index.php\/wyscigi\/\">10M.<\/a><\/p>\n<p><span style=\"font-family: 'arial black', sans-serif; color: #454545; font-size: 14pt;\"><strong>Trzy Wie\u017ce XC<\/strong><\/span><\/p>\n<p>kat. Open<\/p>\n<p>Artur Malec<\/p>\n<\/div>\n<div id=\"kolumny13\">\n<p><a class=\"fasc-button fasc-size-large fasc-type-flat fasc-rounded-medium\" style=\"background-color: #ffffff; color: #c00c29;\" href=\"https:\/\/racingteam.2x3.pl\/index.php\/wyscigi\/\">2M.<\/a><\/p>\n<p><span style=\"font-family: 'arial black', sans-serif; color: #454545; font-size: 14pt;\"><strong>Trzy Wie\u017ce XC<\/strong><\/span><\/p>\n<p>kat. M2<\/p>\n<p>Artur Malec<\/p>\n<\/div>\n<div id=\"kolumny13\">\n<p><a class=\"fasc-button fasc-size-large fasc-type-flat fasc-rounded-medium\" style=\"background-color: #ffffff; color: #c00c29;\" href=\"https:\/\/racingteam.2x3.pl\/index.php\/wyscigi\/\">1M.<\/a><\/p>\n<p><span style=\"font-family: 'arial black', sans-serif; color: #454545; font-size: 14pt;\"><strong>Trzy Wie\u017ce XC<\/strong><\/span><\/p>\n<p>kat. Open<\/p>\n<p>Przemys\u0142aw Janik<\/p>\n<\/div>\n<div id=\"kolumny13\">\n<p><a class=\"fasc-button fasc-size-large fasc-type-flat fasc-rounded-medium\" style=\"background-color: #ffffff; color: #c00c29;\" href=\"https:\/\/racingteam.2x3.pl\/index.php\/wyscigi\/\">1M.<\/a><\/p>\n<p><span style=\"font-family: 'arial black', sans-serif; color: #454545; font-size: 14pt;\"><strong>Trzy Wie\u017ce XC<\/strong><\/span><\/p>\n<p>kat. M4<\/p>\n<p>Przemys\u0142aw Janik<\/p>\n<\/div>\n<div id=\"kolumny13\">\n<p><a class=\"fasc-button fasc-size-large fasc-type-flat fasc-rounded-medium\" style=\"background-color: #ffffff; color: #c00c29;\" href=\"https:\/\/racingteam.2x3.pl\/index.php\/wyscigi\/\">9M.<\/a><\/p>\n<p><span style=\"font-family: 'arial black', sans-serif; color: #454545; font-size: 14pt;\"><strong>Trzy Wie\u017ce XC<\/strong><\/span><\/p>\n<p>kat. Open<\/p>\n<p>Remigiusz Ku\u017amicki<\/p>\n<\/div>\n<div id=\"kolumny13\">\n<p><a class=\"fasc-button fasc-size-large fasc-type-flat fasc-rounded-medium\" style=\"background-color: #ffffff; color: #c00c29;\" href=\"https:\/\/racingteam.2x3.pl\/index.php\/wyscigi\/\">1M.<\/a><\/p>\n<p><span style=\"font-family: 'arial black', sans-serif; color: #454545; font-size: 14pt;\"><strong>Trzy Wie\u017ce XC<\/strong><\/span><\/p>\n<p>kat. M5<\/p>\n<p>Remigiusz Ku\u017amicki<\/p>\n<\/div>\n<hr>\n<div id=\"kolumny13\">\n<p><a class=\"fasc-button fasc-size-large fasc-type-flat fasc-rounded-medium\" style=\"background-color: #ffffff; color: #c00c29;\" href=\"https:\/\/racingteam.2x3.pl\/index.php\/wyscigi\/\">1M.<\/a><\/p>\n<p><span style=\"font-family: 'arial black', sans-serif; color: #454545; font-size: 14pt;\"><strong>Bike Adventure<\/strong><\/span><\/p>\n<p>kat. M2<\/p>\n<p>Micha\u0142 Konradowski<\/p>\n<\/div>\n<div id=\"kolumny13\">\n<p><a class=\"fasc-button fasc-size-large fasc-type-flat fasc-rounded-medium\" style=\"background-color: #ffffff; color: #c00c29;\" href=\"https:\/\/racingteam.2x3.pl\/index.php\/wyscigi\/\">2M.<\/a><\/p>\n<p><span style=\"font-family: 'arial black', sans-serif; color: #454545; font-size: 14pt;\"><strong>Bike Adventure<\/strong><\/span><\/p>\n<p>kat. Open<\/p>\n<p>Micha\u0142 Konradowski<\/p>\n<\/div>\n<div id=\"kolumny13\">\n<p><a class=\"fasc-button fasc-size-large fasc-type-flat fasc-rounded-medium\" style=\"background-color: #ffffff; color: #c00c29;\" href=\"https:\/\/racingteam.2x3.pl\/index.php\/wyscigi\/\">2M.<\/a><\/p>\n<p><span style=\"font-family: 'arial black', sans-serif; color: #454545; font-size: 14pt;\"><strong>Bike Adventure<\/strong><\/span><\/p>\n<p>kat. M3<\/p>\n<p>Przemys\u0142aw Janik<\/p>\n<\/div>\n<div id=\"kolumny13\">\n<p><a class=\"fasc-button fasc-size-large fasc-type-flat fasc-rounded-medium\" style=\"background-color: #ffffff; color: #c00c29;\" href=\"https:\/\/racingteam.2x3.pl\/index.php\/wyscigi\/\">5M.<\/a><\/p>\n<p><span style=\"font-family: 'arial black', sans-serif; color: #454545; font-size: 14pt;\"><strong>Bike Adventure<\/strong><\/span><\/p>\n<p>kat. Open<\/p>\n<p>Przemys\u0142aw Janik<\/p>\n<\/div>\n<div id=\"kolumny13\">\n<p><a class=\"fasc-button fasc-size-large fasc-type-flat fasc-rounded-medium\" style=\"background-color: #ffffff; color: #c00c29;\" href=\"https:\/\/racingteam.2x3.pl\/index.php\/wyscigi\/\">4M.<\/a><\/p>\n<p><span style=\"font-family: 'arial black', sans-serif; color: #454545; font-size: 14pt;\"><strong>Bike Adventure<\/strong><\/span><\/p>\n<p>kat. M4<\/p>\n<p>Jacek Kuzynin<\/p>\n<\/div>\n<div id=\"kolumny13\">\n<p><a class=\"fasc-button fasc-size-large fasc-type-flat fasc-rounded-medium\" style=\"background-color: #ffffff; color: #c00c29;\" href=\"https:\/\/racingteam.2x3.pl\/index.php\/wyscigi\/\">5M.<\/a><\/p>\n<p><span style=\"font-family: 'arial black', sans-serif; color: #454545; font-size: 14pt;\"><strong>Bike Adventure<\/strong><\/span><\/p>\n<p>kat. M2<\/p>\n<p>Artur Malec<\/p>\n<\/div>\n<hr>\n<div id=\"kolumny13\">\n<p><a class=\"fasc-button fasc-size-large fasc-type-flat fasc-rounded-medium\" style=\"background-color: #ffffff; color: #c00c29;\" href=\"https:\/\/racingteam.2x3.pl\/index.php\/wyscigi\/\">4M.<\/a><\/p>\n<p><span style=\"font-family: 'arial black', sans-serif; color: #454545; font-size: 14pt;\"><strong>Kaczmarek Electric MTB<\/strong><\/span><\/p>\n<p>kat. Open<\/p>\n<p>Micha\u0142 Konradowski<\/p>\n<\/div>\n<div id=\"kolumny13\">\n<p><a class=\"fasc-button fasc-size-large fasc-type-flat fasc-rounded-medium\" style=\"background-color: #ffffff; color: #c00c29;\" href=\"https:\/\/racingteam.2x3.pl\/index.php\/wyscigi\/\">4M.<\/a><\/p>\n<p><span style=\"font-family: 'arial black', sans-serif; color: #454545; font-size: 14pt;\"><strong>Kaczmarek Electric MTB<\/strong><\/span><\/p>\n<p>kat. Open<\/p>\n<p>Micha\u0142 Konradowski<\/p>\n<\/div>\n<hr>\n<div id=\"kolumny13\">\n<p><a class=\"fasc-button fasc-size-large fasc-type-flat fasc-rounded-medium\" style=\"background-color: #ffffff; color: #c00c29;\" href=\"https:\/\/racingteam.2x3.pl\/index.php\/wyscigi\/\">2M.<\/a><\/p>\n<p><span style=\"font-family: 'arial black', sans-serif; color: #454545; font-size: 14pt;\"><strong>Kaczmarek Electric MTB<\/strong><\/span><\/p>\n<p>kat. OM2<\/p>\n<p>Micha\u0142 Konradowski<\/p>\n<\/div>\n<div id=\"kolumny9\">&nbsp;<\/div>\n<p><center><a class=\"fasc-button fasc-size-medium fasc-type-flat fasc-rounded-medium\" style=\"background-color: #ffffff; color: #c00c29;\" href=\"http:\/\/racingteam.2x3.pl\/index.php\/wyniki-14\/\"><strong>POKA\u017b WI\u0118CEJ<\/strong><\/a><\/center><\/p>\n","protected":false},"excerpt":{"rendered":"<p>2018 &nbsp; 10M. Trzy Wie\u017ce XC kat. Open Artur Malec 2M. Trzy Wie\u017ce XC kat. M2 Artur Malec 1M. Trzy Wie\u017ce XC kat. Open Przemys\u0142aw Janik 1M. Trzy Wie\u017ce XC kat. M4 Przemys\u0142aw Janik 9M. Trzy Wie\u017ce XC kat. Open Remigiusz Ku\u017amicki 1M. Trzy Wie\u017ce XC kat. M5 Remigiusz Ku\u017amicki [&hellip;]<\/p>\n","protected":false},"author":5,"featured_media":0,"parent":0,"menu_order":0,"comment_status":"closed","ping_status":"closed","template":"","meta":{"_themeisle_gutenberg_block_has_review":false,"footnotes":""},"class_list":["post-2556","page","type-page","status-publish","hentry"],"_links":{"self":[{"href":"https:\/\/racingteam.2x3.pl\/index.php\/wp-json\/wp\/v2\/pages\/2556","targetHints":{"allow":["GET"]}}],"collection":[{"href":"https:\/\/racingteam.2x3.pl\/index.php\/wp-json\/wp\/v2\/pages"}],"about":[{"href":"https:\/\/racingteam.2x3.pl\/index.php\/wp-json\/wp\/v2\/types\/page"}],"author":[{"embeddable":true,"href":"https:\/\/racingteam.2x3.pl\/index.php\/wp-json\/wp\/v2\/users\/5"}],"replies":[{"embeddable":true,"href":"https:\/\/racingteam.2x3.pl\/index.php\/wp-json\/wp\/v2\/comments?post=2556"}],"version-history":[{"count":1,"href":"https:\/\/racingteam.2x3.pl\/index.php\/wp-json\/wp\/v2\/pages\/2556\/revisions"}],"predecessor-version":[{"id":2753,"href":"https:\/\/racingteam.2x3.pl\/index.php\/wp-json\/wp\/v2\/pages\/2556\/revisions\/2753"}],"wp:attachment":[{"href":"https:\/\/racingteam.2x3.pl\/index.php\/wp-json\/wp\/v2\/media?parent=2556"}],"curies":[{"name":"wp","href":"https:\/\/api.w.org\/{rel}","templated":true}]}}