{"id":2539,"date":"2018-05-28T15:19:14","date_gmt":"2018-05-28T13:19:14","guid":{"rendered":"https:\/\/racingteam.2x3.pl\/?page_id=2539"},"modified":"2018-05-28T17:14:41","modified_gmt":"2018-05-28T15:14:41","slug":"wyniki-14","status":"publish","type":"page","link":"https:\/\/racingteam.2x3.pl\/index.php\/wyniki-14\/","title":{"rendered":"Wyniki"},"content":{"rendered":"<p style=\"text-align: center; margin-top: 250px;\"><span style=\"font-size: 24pt; color: black; font-weight: bold;\"><strong>2018<\/strong><\/span><\/p>\n<p>&nbsp;<\/p>\n<div id=\"kolumny13\">\n<p><a class=\"fasc-button fasc-size-large fasc-type-flat fasc-rounded-medium\" style=\"background-color: #ffffff; color: #c00c29;\" href=\"https:\/\/racingteam.2x3.pl\/index.php\/wyscigi\/\">3M.<\/a><\/p>\n<p><span style=\"font-family: 'arial black', sans-serif; color: #454545; font-size: 14pt;\"><strong>Maraton Gogol Wyrzysk<\/strong><\/span><\/p>\n<p>kat. Open<\/p>\n<p>Przemys\u0142aw Janik<\/p>\n<\/div>\n<div id=\"kolumny13\">\n<p><a class=\"fasc-button fasc-size-large fasc-type-flat fasc-rounded-medium\" style=\"background-color: #ffffff; color: #c00c29;\" href=\"https:\/\/racingteam.2x3.pl\/index.php\/wyscigi\/\">3M.<\/a><\/p>\n<p><span style=\"font-family: 'arial black', sans-serif; color: #454545; font-size: 14pt;\"><strong>Maraton Gogol Wyrzysk<\/strong><\/span><\/p>\n<p>kat. Open<\/p>\n<p>Przemys\u0142aw Janik<\/p>\n<\/div>\n<hr>\n<div id=\"kolumny13\">\n<p><a class=\"fasc-button fasc-size-large fasc-type-flat fasc-rounded-medium\" style=\"background-color: #ffffff; color: #c00c29;\" href=\"https:\/\/racingteam.2x3.pl\/index.php\/wyscigi\/\">1M.<\/a><\/p>\n<p><span style=\"font-family: 'arial black', sans-serif; color: #454545; font-size: 14pt;\"><strong>2&#215;3 Challenge 2018<\/strong><\/span><\/p>\n<p>kat. M4<\/p>\n<p>Przemys\u0142aw Janik<\/p>\n<\/div>\n<div id=\"kolumny13\">\n<p><a class=\"fasc-button fasc-size-large fasc-type-flat fasc-rounded-medium\" style=\"background-color: #ffffff; color: #c00c29;\" href=\"https:\/\/racingteam.2x3.pl\/index.php\/wyscigi\/\">2M.<\/a><\/p>\n<p><span style=\"font-family: 'arial black', sans-serif; color: #454545; font-size: 14pt;\"><strong>2&#215;3 Challenge 2018<\/strong><\/span><\/p>\n<p>kat. Open<\/p>\n<p>Micha\u0142 Konradowski<\/p>\n<\/div>\n<hr>\n<div id=\"kolumny13\">\n<p><a class=\"fasc-button fasc-size-large fasc-type-flat fasc-rounded-medium\" style=\"background-color: #ffffff; color: #c00c29;\" href=\"https:\/\/racingteam.2x3.pl\/index.php\/wyscigi\/\">11M.<\/a><\/p>\n<p><span style=\"font-family: 'arial black', sans-serif; color: #454545; font-size: 14pt;\"><strong>III Wy\u015bcig dooko\u0142a Jeziora Miedwie<\/strong><\/span><\/p>\n<p>kat. Open<\/p>\n<p>Jacek Kuzynin<\/p>\n<\/div>\n<div id=\"kolumny13\">\n<p><a class=\"fasc-button fasc-size-large fasc-type-flat fasc-rounded-medium\" style=\"background-color: #ffffff; color: #c00c29;\" href=\"https:\/\/racingteam.2x3.pl\/index.php\/wyscigi\/\">10M.<\/a><\/p>\n<p><span style=\"font-family: 'arial black', sans-serif; color: #454545; font-size: 14pt;\"><strong>III Wy\u015bcig dooko\u0142a Jeziora Miedwie<\/strong><\/span><\/p>\n<p>kat. Open<\/p>\n<p>Remigiusz Ku\u017amicki<\/p>\n<\/div>\n<div id=\"kolumny13\">\n<p><a class=\"fasc-button fasc-size-large fasc-type-flat fasc-rounded-medium\" style=\"background-color: #ffffff; color: #c00c29;\" href=\"https:\/\/racingteam.2x3.pl\/index.php\/wyscigi\/\">9M.<\/a><\/p>\n<p><span style=\"font-family: 'arial black', sans-serif; color: #454545; font-size: 14pt;\"><strong>III Wy\u015bcig dooko\u0142a Jeziora Miedwie<\/strong><\/span><\/p>\n<p>kat. Open<\/p>\n<p>Micha\u0142 Konradowski<\/p>\n<\/div>\n<hr>\n<div id=\"kolumny13\">\n<p><a class=\"fasc-button fasc-size-large fasc-type-flat fasc-rounded-medium\" style=\"background-color: #ffffff; color: #c00c29;\" href=\"https:\/\/racingteam.2x3.pl\/index.php\/wyscigi\/\">4M.<\/a><\/p>\n<p><span style=\"font-family: 'arial black', sans-serif; color: #454545; font-size: 14pt;\"><strong>MTB Trzy Wie\u017ce XC<\/strong><\/span><\/p>\n<p>kat. Open<\/p>\n<p>Piotr Jarmu\u017cewski<\/p>\n<\/div>\n<div id=\"kolumny13\">\n<p><a class=\"fasc-button fasc-size-large fasc-type-flat fasc-rounded-medium\" style=\"background-color: #ffffff; color: #c00c29;\" href=\"https:\/\/racingteam.2x3.pl\/index.php\/wyscigi\/\">1M.<\/a><\/p>\n<p><span style=\"font-family: 'arial black', sans-serif; color: #454545; font-size: 14pt;\"><strong>MTB Trzy Wie\u017ce XC<\/strong><\/span><\/p>\n<p>kat. M2<\/p>\n<p>Piotr Jarmu\u017cewski<\/p>\n<\/div>\n<div id=\"kolumny13\">\n<p><a class=\"fasc-button fasc-size-large fasc-type-flat fasc-rounded-medium\" style=\"background-color: #ffffff; color: #c00c29;\" href=\"https:\/\/racingteam.2x3.pl\/index.php\/wyscigi\/\">7M.<\/a><\/p>\n<p><span style=\"font-family: 'arial black', sans-serif; color: #454545; font-size: 14pt;\"><strong>MTB Trzy Wie\u017ce XC<\/strong><\/span><\/p>\n<p>kat. Open<\/p>\n<p>Przemys\u0142aw Janik<\/p>\n<\/div>\n<div id=\"kolumny13\">\n<p><a class=\"fasc-button fasc-size-large fasc-type-flat fasc-rounded-medium\" style=\"background-color: #ffffff; color: #c00c29;\" href=\"https:\/\/racingteam.2x3.pl\/index.php\/wyscigi\/\">3M.<\/a><\/p>\n<p><span style=\"font-family: 'arial black', sans-serif; color: #454545; font-size: 14pt;\"><strong>MTB Trzy Wie\u017ce XC<\/strong><\/span><\/p>\n<p>kat. M4<\/p>\n<p>Przemys\u0142aw Janik<\/p>\n<\/div>\n<div id=\"kolumny13\">\n<p><a class=\"fasc-button fasc-size-large fasc-type-flat fasc-rounded-medium\" style=\"background-color: #ffffff; color: #c00c29;\" href=\"https:\/\/racingteam.2x3.pl\/index.php\/wyscigi\/\">9M.<\/a><\/p>\n<p><span style=\"font-family: 'arial black', sans-serif; color: #454545; font-size: 14pt;\"><strong>MTB Trzy Wie\u017ce XC<\/strong><\/span><\/p>\n<p>kat. Open<\/p>\n<p>Micha\u0142 Konradowski<\/p>\n<\/div>\n<div id=\"kolumny13\">\n<p><a class=\"fasc-button fasc-size-large fasc-type-flat fasc-rounded-medium\" style=\"background-color: #ffffff; color: #c00c29;\" href=\"https:\/\/racingteam.2x3.pl\/index.php\/wyscigi\/\">2M.<\/a><\/p>\n<p><span style=\"font-family: 'arial black', sans-serif; color: #454545; font-size: 14pt;\"><strong>MTB Trzy Wie\u017ce XC<\/strong><\/span><\/p>\n<p>kat. M2<\/p>\n<p>Micha\u0142 Konradowski<\/p>\n<\/div>\n<div id=\"kolumny13\">\n<p><a class=\"fasc-button fasc-size-large fasc-type-flat fasc-rounded-medium\" style=\"background-color: #ffffff; color: #c00c29;\" href=\"https:\/\/racingteam.2x3.pl\/index.php\/wyscigi\/\">13M.<\/a><\/p>\n<p><span style=\"font-family: 'arial black', sans-serif; color: #454545; font-size: 14pt;\"><strong>MTB Trzy Wie\u017ce XC<\/strong><\/span><\/p>\n<p>kat. Open<\/p>\n<p>Artur Malec<\/p>\n<\/div>\n<div id=\"kolumny13\">\n<p><a class=\"fasc-button fasc-size-large fasc-type-flat fasc-rounded-medium\" style=\"background-color: #ffffff; color: #c00c29;\" href=\"https:\/\/racingteam.2x3.pl\/index.php\/wyscigi\/\">4M.<\/a><\/p>\n<p><span style=\"font-family: 'arial black', sans-serif; color: #454545; font-size: 14pt;\"><strong>MTB Trzy Wie\u017ce XC<\/strong><\/span><\/p>\n<p>kat. M2<\/p>\n<p>Artur Malec<\/p>\n<\/div>\n<div id=\"kolumny9\">&nbsp;<\/div>\n<p><center><a class=\"fasc-button fasc-size-medium fasc-type-flat fasc-rounded-medium\" style=\"background-color: #ffffff; color: #c00c29;\" href=\"http:\/\/racingteam.2x3.pl\/index.php\/wyniki-13\/\"><strong>POKA\u017b WI\u0118CEJ<\/strong><\/a><\/center><\/p>\n","protected":false},"excerpt":{"rendered":"<p>2018 &nbsp; 3M. Maraton Gogol Wyrzysk kat. Open Przemys\u0142aw Janik 3M. Maraton Gogol Wyrzysk kat. Open Przemys\u0142aw Janik 1M. 2&#215;3 Challenge 2018 kat. M4 Przemys\u0142aw Janik 2M. 2&#215;3 Challenge 2018 kat. Open Micha\u0142 Konradowski 11M. III Wy\u015bcig dooko\u0142a Jeziora Miedwie kat. Open Jacek Kuzynin 10M. III Wy\u015bcig dooko\u0142a Jeziora Miedwie [&hellip;]<\/p>\n","protected":false},"author":5,"featured_media":0,"parent":0,"menu_order":0,"comment_status":"closed","ping_status":"closed","template":"","meta":{"_themeisle_gutenberg_block_has_review":false,"footnotes":""},"class_list":["post-2539","page","type-page","status-publish","hentry"],"_links":{"self":[{"href":"https:\/\/racingteam.2x3.pl\/index.php\/wp-json\/wp\/v2\/pages\/2539","targetHints":{"allow":["GET"]}}],"collection":[{"href":"https:\/\/racingteam.2x3.pl\/index.php\/wp-json\/wp\/v2\/pages"}],"about":[{"href":"https:\/\/racingteam.2x3.pl\/index.php\/wp-json\/wp\/v2\/types\/page"}],"author":[{"embeddable":true,"href":"https:\/\/racingteam.2x3.pl\/index.php\/wp-json\/wp\/v2\/users\/5"}],"replies":[{"embeddable":true,"href":"https:\/\/racingteam.2x3.pl\/index.php\/wp-json\/wp\/v2\/comments?post=2539"}],"version-history":[{"count":0,"href":"https:\/\/racingteam.2x3.pl\/index.php\/wp-json\/wp\/v2\/pages\/2539\/revisions"}],"wp:attachment":[{"href":"https:\/\/racingteam.2x3.pl\/index.php\/wp-json\/wp\/v2\/media?parent=2539"}],"curies":[{"name":"wp","href":"https:\/\/api.w.org\/{rel}","templated":true}]}}