{"id":1940,"date":"2017-10-02T17:37:54","date_gmt":"2017-10-02T15:37:54","guid":{"rendered":"https:\/\/racingteam.2x3.pl\/?page_id=1940"},"modified":"2017-10-17T14:25:50","modified_gmt":"2017-10-17T12:25:50","slug":"wyniki-11","status":"publish","type":"page","link":"https:\/\/racingteam.2x3.pl\/index.php\/wyniki-11\/","title":{"rendered":"Wyniki"},"content":{"rendered":"<p style=\"text-align: center; margin-top: 250px;\"><span style=\"font-size: 24pt; color: black; font-weight: bold;\"><strong>2017<\/strong><\/span><\/p>\n<p>&nbsp;<\/p>\n<div id=\"kolumny12\">\n<p><a class=\"fasc-button fasc-size-large fasc-type-flat fasc-rounded-medium\" style=\"background-color: #ffffff; color: #c00c29;\" href=\"https:\/\/racingteam.2x3.pl\/index.php\/wyscigi\/\">8M.<\/a><\/p>\n<p><span style=\"font-family: 'arial black', sans-serif; color: #454545; font-size: 14pt;\"><strong>XC Choszczno<\/strong><\/span><\/p>\n<p>kat. OPEN<\/p>\n<p>Jacek Kuzynin<\/p>\n<\/div>\n<div id=\"kolumny12\">\n<p><a class=\"fasc-button fasc-size-large fasc-type-flat fasc-rounded-medium\" style=\"background-color: #ffffff; color: #c00c29;\" href=\"https:\/\/racingteam.2x3.pl\/index.php\/wyscigi\/\">5M.<\/a><\/p>\n<p><span style=\"font-family: 'arial black', sans-serif; color: #454545; font-size: 14pt;\"><strong>XC Choszczno<\/strong><\/span><\/p>\n<p>kat. OPEN<\/p>\n<p>Remigiusz Ku\u017amicki<\/p>\n<\/div>\n<div id=\"kolumny12\">\n<p><a class=\"fasc-button fasc-size-large fasc-type-flat fasc-rounded-medium\" style=\"background-color: #ffffff; color: #c00c29;\" href=\"https:\/\/racingteam.2x3.pl\/index.php\/wyscigi\/\">2M.<\/a><\/p>\n<p><span style=\"font-family: 'arial black', sans-serif; color: #454545; font-size: 14pt;\"><strong>XC Choszczno<\/strong><\/span><\/p>\n<p>kat. OPEN<\/p>\n<p>Przemys\u0142aw Janik<\/p>\n<\/div>\n<div id=\"kolumny12\">\n<p><a class=\"fasc-button fasc-size-large fasc-type-flat fasc-rounded-medium\" style=\"background-color: #ffffff; color: #c00c29;\" href=\"https:\/\/racingteam.2x3.pl\/index.php\/wyscigi\/\">13M.<\/a><\/p>\n<p><span style=\"font-family: 'arial black', sans-serif; color: #454545; font-size: 14pt;\"><strong>XC Choszczno<\/strong><\/span><\/p>\n<p>kat. OPEN<\/p>\n<p>Micha\u0142 Konradowski<\/p>\n<\/div>\n<div id=\"kolumny9\">\n<p><a class=\"fasc-button fasc-size-large fasc-type-flat fasc-rounded-medium\" style=\"background-color: #ffffff; color: #c00c29;\" href=\"https:\/\/racingteam.2x3.pl\/index.php\/wyscigi\/\">3M.<\/a><\/p>\n<p><span style=\"font-family: 'arial black', sans-serif; color: #454545; font-size: 14pt;\"><strong>XC Choszczno<\/strong><\/span><\/p>\n<p>kat. M4<\/p>\n<p>Jacek Kuzynin<\/p>\n<\/div>\n<div id=\"kolumny17\">\n<p><a class=\"fasc-button fasc-size-large fasc-type-flat fasc-rounded-medium\" style=\"background-color: #ffffff; color: #c00c29;\" href=\"https:\/\/racingteam.2x3.pl\/index.php\/wyscigi\/\">2M.<\/a><\/p>\n<p><span style=\"font-family: 'arial black', sans-serif; color: #454545; font-size: 14pt;\"><strong>XC Choszczno<\/strong><\/span><\/p>\n<p>kat. M4<\/p>\n<p>Remigiusz Ku\u017amicki<\/p>\n<\/div>\n<div id=\"kolumny16\">\n<p><a class=\"fasc-button fasc-size-large fasc-type-flat fasc-rounded-medium\" style=\"background-color: #ffffff; color: #c00c29;\" href=\"https:\/\/racingteam.2x3.pl\/index.php\/wyscigi\/\">1M.<\/a><\/p>\n<p><span style=\"font-family: 'arial black', sans-serif; color: #454545; font-size: 14pt;\"><strong>XC Choszczno<\/strong><\/span><\/p>\n<p>kat. M3<\/p>\n<p>Przemys\u0142aw Janik<\/p>\n<\/div>\n<hr>\n<div id=\"kolumny14\">\n<p><a class=\"fasc-button fasc-size-large fasc-type-flat fasc-rounded-medium\" style=\"background-color: #ffffff; color: #c00c29;\" href=\"https:\/\/racingteam.2x3.pl\/index.php\/wyscigi\/\">2M.<\/a><\/p>\n<p><span style=\"font-family: 'arial black', sans-serif; color: #454545; font-size: 14pt;\"><strong>GRYF Maraton edycja 4 Fina\u0142<\/strong><\/span><\/p>\n<p>kat. M4<\/p>\n<p>Darek Hlek<\/p>\n<\/div>\n<div id=\"kolumny15\">\n<p><a class=\"fasc-button fasc-size-large fasc-type-flat fasc-rounded-medium\" style=\"background-color: #ffffff; color: #c00c29;\" href=\"https:\/\/racingteam.2x3.pl\/index.php\/wyscigi\/\">4M.<\/a><\/p>\n<p><span style=\"font-family: 'arial black', sans-serif; color: #454545; font-size: 14pt;\"><strong>GRYF Maraton edycja 4 Fina\u0142<\/strong><\/span><\/p>\n<p>kat. OPEN<\/p>\n<p>Darek Hlek<\/p>\n<\/div>\n<div id=\"kolumny2\">\n<p><a class=\"fasc-button fasc-size-large fasc-type-flat fasc-rounded-medium\" style=\"background-color: #ffffff; color: #c00c29;\" href=\"https:\/\/racingteam.2x3.pl\/index.php\/wyscigi\/\">18M.<\/a><\/p>\n<p><span style=\"font-family: 'arial black', sans-serif; color: #454545; font-size: 14pt;\"><strong>GRYF Maraton edycja 4 Fina\u0142<\/strong><\/span><\/p>\n<p>kat. OPEN<\/p>\n<p>Micha\u0142 Konradowski<\/p>\n<\/div>\n<div id=\"kolumny\">\n<p><a class=\"fasc-button fasc-size-large fasc-type-flat fasc-rounded-medium\" style=\"background-color: #ffffff; color: #c00c29;\" href=\"https:\/\/racingteam.2x3.pl\/index.php\/wyscigi\/\">3M.<\/a><\/p>\n<p><span style=\"font-family: 'arial black', sans-serif; color: #454545; font-size: 14pt;\"><strong>GRYF Maraton edycja 4 Fina\u0142<\/strong><\/span><\/p>\n<p>kat. M2<\/p>\n<p>Micha\u0142 Konradowski<\/p>\n<\/div>\n<div id=\"kolumny3\">\n<p><a class=\"fasc-button fasc-size-large fasc-type-flat fasc-rounded-medium\" style=\"background-color: #ffffff; color: #c00c29;\" href=\"https:\/\/racingteam.2x3.pl\/index.php\/wyscigi\/\">5M.<\/a><\/p>\n<p><span style=\"font-family: 'arial black', sans-serif; color: #454545; font-size: 14pt;\"><strong>GRYF Maraton edycja 4 Fina\u0142<\/strong><\/span><\/p>\n<p>kat. OPEN<\/p>\n<p>Artur Malec<\/p>\n<\/div>\n<div id=\"kolumny3\">\n<p><a class=\"fasc-button fasc-size-large fasc-type-flat fasc-rounded-medium\" style=\"background-color: #ffffff; color: #c00c29;\" href=\"https:\/\/racingteam.2x3.pl\/index.php\/wyscigi\/\">2M.<\/a><\/p>\n<p><span style=\"font-family: 'arial black', sans-serif; color: #454545; font-size: 14pt;\"><strong>GRYF Maraton edycja 4 Fina\u0142<\/strong><\/span><\/p>\n<p>kat. M2<\/p>\n<p>Artur Malec<\/p>\n<\/div>\n<div id=\"kolumny4\">\n<p><a class=\"fasc-button fasc-size-large fasc-type-flat fasc-rounded-medium\" style=\"background-color: #ffffff; color: #c00c29;\" href=\"https:\/\/racingteam.2x3.pl\/index.php\/wyscigi\/\">28M.<\/a><\/p>\n<p><span style=\"font-family: 'arial black', sans-serif; color: #454545; font-size: 14pt;\"><strong>GRYF Maraton edycja 4 Fina\u0142<\/strong><\/span><\/p>\n<p>kat. OPEN<\/p>\n<p>Jacek Kuzynin<\/p>\n<\/div>\n<div id=\"kolumny5\">\n<p><a class=\"fasc-button fasc-size-large fasc-type-flat fasc-rounded-medium\" style=\"background-color: #ffffff; color: #c00c29;\" href=\"https:\/\/racingteam.2x3.pl\/index.php\/wyscigi\/\">8M.<\/a><\/p>\n<p><span style=\"font-family: 'arial black', sans-serif; color: #454545; font-size: 14pt;\"><strong>GRYF Maraton edycja 4 Fina\u0142<\/strong><\/span><\/p>\n<p>kat. M4<\/p>\n<p>Jacek Kuzynin<\/p>\n<\/div>\n<div id=\"kolumny6\">\n<p><a class=\"fasc-button fasc-size-large fasc-type-flat fasc-rounded-medium\" style=\"background-color: #ffffff; color: #c00c29;\" href=\"https:\/\/racingteam.2x3.pl\/index.php\/wyscigi\/\">10M.<\/a><\/p>\n<p><span style=\"font-family: 'arial black', sans-serif; color: #454545; font-size: 14pt;\"><strong>GRYF Maraton edycja 4 Fina\u0142<\/strong><\/span><\/p>\n<p>kat. OPEN<\/p>\n<p>Piotr Grzegorczyk<\/p>\n<\/div>\n<div id=\"kolumny7\">\n<p><a class=\"fasc-button fasc-size-large fasc-type-flat fasc-rounded-medium\" style=\"background-color: #ffffff; color: #c00c29;\" href=\"https:\/\/racingteam.2x3.pl\/index.php\/wyscigi\/\">3M.<\/a><\/p>\n<p><span style=\"font-family: 'arial black', sans-serif; color: #454545; font-size: 14pt;\"><strong>GRYF Maraton edycja 4 Fina\u0142<\/strong><\/span><\/p>\n<p>kat. M4<\/p>\n<p>Piotr Grzegorczyk<\/p>\n<\/div>\n<p>&nbsp;<br \/>\n<center><a class=\"fasc-button fasc-size-medium fasc-type-flat fasc-rounded-medium\" style=\"background-color: #ffffff; color: #c00c29;\" href=\"http:\/\/racingteam.2x3.pl\/index.php\/wyniki-10\/\"><strong>POKA\u017b WI\u0118CEJ<\/strong><\/a><\/center><\/p>\n","protected":false},"excerpt":{"rendered":"<p>2017 &nbsp; 8M. XC Choszczno kat. OPEN Jacek Kuzynin 5M. XC Choszczno kat. OPEN Remigiusz Ku\u017amicki 2M. XC Choszczno kat. OPEN Przemys\u0142aw Janik 13M. XC Choszczno kat. OPEN Micha\u0142 Konradowski 3M. XC Choszczno kat. M4 Jacek Kuzynin 2M. XC Choszczno kat. M4 Remigiusz Ku\u017amicki 1M. XC Choszczno kat. M3 Przemys\u0142aw [&hellip;]<\/p>\n","protected":false},"author":5,"featured_media":0,"parent":0,"menu_order":0,"comment_status":"closed","ping_status":"closed","template":"","meta":{"_themeisle_gutenberg_block_has_review":false,"footnotes":""},"class_list":["post-1940","page","type-page","status-publish","hentry"],"_links":{"self":[{"href":"https:\/\/racingteam.2x3.pl\/index.php\/wp-json\/wp\/v2\/pages\/1940","targetHints":{"allow":["GET"]}}],"collection":[{"href":"https:\/\/racingteam.2x3.pl\/index.php\/wp-json\/wp\/v2\/pages"}],"about":[{"href":"https:\/\/racingteam.2x3.pl\/index.php\/wp-json\/wp\/v2\/types\/page"}],"author":[{"embeddable":true,"href":"https:\/\/racingteam.2x3.pl\/index.php\/wp-json\/wp\/v2\/users\/5"}],"replies":[{"embeddable":true,"href":"https:\/\/racingteam.2x3.pl\/index.php\/wp-json\/wp\/v2\/comments?post=1940"}],"version-history":[{"count":0,"href":"https:\/\/racingteam.2x3.pl\/index.php\/wp-json\/wp\/v2\/pages\/1940\/revisions"}],"wp:attachment":[{"href":"https:\/\/racingteam.2x3.pl\/index.php\/wp-json\/wp\/v2\/media?parent=1940"}],"curies":[{"name":"wp","href":"https:\/\/api.w.org\/{rel}","templated":true}]}}