{"id":1522,"date":"2017-08-16T08:57:39","date_gmt":"2017-08-16T06:57:39","guid":{"rendered":"https:\/\/racingteam.2x3.pl\/?page_id=1522"},"modified":"2017-08-22T09:14:58","modified_gmt":"2017-08-22T07:14:58","slug":"wyniki-4","status":"publish","type":"page","link":"https:\/\/racingteam.2x3.pl\/index.php\/wyniki-4\/","title":{"rendered":"Wyniki"},"content":{"rendered":"<p style=\"text-align: center; margin-top: 250px;\"><span style=\"font-size: 24pt; color: black; font-weight: bold;\"><strong>2017<\/strong><\/span><\/p>\n<p>&nbsp;<\/p>\n<div id=\"kolumny10\">\n<p><a class=\"fasc-button fasc-size-large fasc-type-flat fasc-rounded-medium\" style=\"background-color: #ffffff; color: #c00c29;\" href=\"https:\/\/racingteam.2x3.pl\/index.php\/wyscigi\/\">5M.<\/a><\/p>\n<p><span style=\"font-family: 'arial black', sans-serif; color: #454545; font-size: 14pt;\"><strong>Trzy Wie\u017ce XC 2017<\/strong><\/span><\/p>\n<p>kat. OPEN<\/p>\n<p>Piotr Jarmu\u017cewski<\/p>\n<\/div>\n<div id=\"kolumny11\">\n<p><a class=\"fasc-button fasc-size-large fasc-type-flat fasc-rounded-medium\" style=\"background-color: #ffffff; color: #c00c29;\" href=\"https:\/\/racingteam.2x3.pl\/index.php\/wyscigi\/\">3M.<\/a><\/p>\n<p><span style=\"font-family: 'arial black', sans-serif; color: #454545; font-size: 14pt;\"><strong>Trzy Wie\u017ce XC 2017<\/strong><\/span><\/p>\n<p>kat. M2<\/p>\n<p>Piotr Jarmu\u017cewski<\/p>\n<\/div>\n<div id=\"kolumny12\">\n<p><a class=\"fasc-button fasc-size-large fasc-type-flat fasc-rounded-medium\" style=\"background-color: #ffffff; color: #c00c29;\" href=\"https:\/\/racingteam.2x3.pl\/index.php\/wyscigi\/\">11M.<\/a><\/p>\n<p><span style=\"font-family: 'arial black', sans-serif; color: #454545; font-size: 14pt;\"><strong>Trzy Wie\u017ce XC 2017<\/strong><\/span><\/p>\n<p>kat. OPEN<\/p>\n<p>Artur Malec<\/p>\n<\/div>\n<div id=\"kolumny13\">\n<p><a class=\"fasc-button fasc-size-large fasc-type-flat fasc-rounded-medium\" style=\"background-color: #ffffff; color: #c00c29;\" href=\"https:\/\/racingteam.2x3.pl\/index.php\/wyscigi\/\">5M.<\/a><\/p>\n<p><span style=\"font-family: 'arial black', sans-serif; color: #454545; font-size: 14pt;\"><strong>Trzy Wie\u017ce XC 2017<\/strong><\/span><\/p>\n<p>kat. M2<\/p>\n<p>Artur Malec<\/p>\n<\/div>\n<div id=\"kolumny14\">\n<p><a class=\"fasc-button fasc-size-large fasc-type-flat fasc-rounded-medium\" style=\"background-color: #ffffff; color: #c00c29;\" href=\"https:\/\/racingteam.2x3.pl\/index.php\/wyscigi\/\">18M.<\/a><\/p>\n<p><span style=\"font-family: 'arial black', sans-serif; color: #454545; font-size: 14pt;\"><strong>Trzy Wie\u017ce XC 2017<\/strong><\/span><\/p>\n<p>kat. OPEN<\/p>\n<p>Jacek Kuzynin<\/p>\n<\/div>\n<div id=\"kolumny15\">\n<p><a class=\"fasc-button fasc-size-large fasc-type-flat fasc-rounded-medium\" style=\"background-color: #ffffff; color: #c00c29;\" href=\"https:\/\/racingteam.2x3.pl\/index.php\/wyscigi\/\">4M.<\/a><\/p>\n<p><span style=\"font-family: 'arial black', sans-serif; color: #454545; font-size: 14pt;\"><strong>Trzy Wie\u017ce XC 2017<\/strong><\/span><\/p>\n<p>kat. M4<\/p>\n<p>Jacek Kuzynin<\/p>\n<\/div>\n<hr>\n<div id=\"kolumny2\">\n<p><a class=\"fasc-button fasc-size-large fasc-type-flat fasc-rounded-medium\" style=\"background-color: #ffffff; color: #c00c29;\" href=\"https:\/\/racingteam.2x3.pl\/index.php\/wyscigi\/\">6M.<\/a><\/p>\n<p><span style=\"font-family: 'arial black', sans-serif; color: #454545; font-size: 14pt;\"><strong>Zachodnia Liga MTB ed. 6 Krzeszyce<\/strong><\/span><\/p>\n<p>kat. OPEN<\/p>\n<p>Artur Malec<\/p>\n<\/div>\n<div id=\"kolumny\">\n<p><a class=\"fasc-button fasc-size-large fasc-type-flat fasc-rounded-medium\" style=\"background-color: #ffffff; color: #c00c29;\" href=\"https:\/\/racingteam.2x3.pl\/index.php\/wyscigi\/\">2M.<\/a><\/p>\n<p><span style=\"font-family: 'arial black', sans-serif; color: #454545; font-size: 14pt;\"><strong>Zachodnia Liga MTB ed. 6 Krzeszyce<\/strong><\/span><\/p>\n<p>kat. M2<\/p>\n<p>Artur Malec<\/p>\n<\/div>\n<div id=\"kolumny3\">\n<p><a class=\"fasc-button fasc-size-large fasc-type-flat fasc-rounded-medium\" style=\"background-color: #ffffff; color: #c00c29;\" href=\"https:\/\/racingteam.2x3.pl\/index.php\/wyscigi\/\">12M.<\/a><\/p>\n<p><span style=\"font-family: 'arial black', sans-serif; color: #454545; font-size: 14pt;\"><strong>Zachodnia Liga MTB ed. 6 Krzeszyce<\/strong><\/span><\/p>\n<p>kat. OPEN<\/p>\n<p>Piotr Grzegorczyk<\/p>\n<\/div>\n<div id=\"kolumny3\">\n<p><a class=\"fasc-button fasc-size-large fasc-type-flat fasc-rounded-medium\" style=\"background-color: #ffffff; color: #c00c29;\" href=\"https:\/\/racingteam.2x3.pl\/index.php\/wyscigi\/\">3M.<\/a><\/p>\n<p><span style=\"font-family: 'arial black', sans-serif; color: #454545; font-size: 14pt;\"><strong>Zachodnia Liga MTB ed. 6 Krzeszyce<\/strong><\/span><\/p>\n<p>kat. M4<\/p>\n<p>Piotr Grzegorczyk<\/p>\n<\/div>\n<hr>\n<div id=\"kolumny4\">\n<p><a class=\"fasc-button fasc-size-large fasc-type-flat fasc-rounded-medium\" style=\"background-color: #ffffff; color: #c00c29;\" href=\"https:\/\/racingteam.2x3.pl\/index.php\/wyscigi\/\">5M.<\/a><\/p>\n<p><span style=\"font-family: 'arial black', sans-serif; color: #454545; font-size: 14pt;\"><strong>XII Maraton Dooko\u0142a Miedwia<\/strong><\/span><\/p>\n<p>kat. OPEN<\/p>\n<p>Remigiusz Ku\u017amicki<\/p>\n<\/div>\n<div id=\"kolumny5\">\n<p><a class=\"fasc-button fasc-size-large fasc-type-flat fasc-rounded-medium\" style=\"background-color: #ffffff; color: #c00c29;\" href=\"https:\/\/racingteam.2x3.pl\/index.php\/wyscigi\/\">2M.<\/a><\/p>\n<p><span style=\"font-family: 'arial black', sans-serif; color: #454545; font-size: 14pt;\"><strong>XII Maraton Dooko\u0142a Miedwia<\/strong><\/span><\/p>\n<p>kat. M4<\/p>\n<p>Remigiusz Ku\u017amicki<\/p>\n<\/div>\n<div id=\"kolumny6\">\n<p><a class=\"fasc-button fasc-size-large fasc-type-flat fasc-rounded-medium\" style=\"background-color: #ffffff; color: #c00c29;\" href=\"https:\/\/racingteam.2x3.pl\/index.php\/wyscigi\/\">8M.<\/a><\/p>\n<p><span style=\"font-family: 'arial black', sans-serif; color: #454545; font-size: 14pt;\"><strong>XII Maraton Dooko\u0142a Miedwia<\/strong><\/span><\/p>\n<p>kat. OPEN<\/p>\n<p>Piotr Jarmu\u017cewski<\/p>\n<\/div>\n<div id=\"kolumny7\">\n<p><a class=\"fasc-button fasc-size-large fasc-type-flat fasc-rounded-medium\" style=\"background-color: #ffffff; color: #c00c29;\" href=\"https:\/\/racingteam.2x3.pl\/index.php\/wyscigi\/\">3M.<\/a><\/p>\n<p><span style=\"font-family: 'arial black', sans-serif; color: #454545; font-size: 14pt;\"><strong>XII Maraton Dooko\u0142a Miedwia<\/strong><\/span><\/p>\n<p>kat. M2<\/p>\n<p>Piotr Jarmu\u017cewski<\/p>\n<\/div>\n<div id=\"kolumny8\">\n<p><a class=\"fasc-button fasc-size-large fasc-type-flat fasc-rounded-medium\" style=\"background-color: #ffffff; color: #c00c29;\" href=\"https:\/\/racingteam.2x3.pl\/index.php\/wyscigi\/\">13M.<\/a><\/p>\n<p><span style=\"font-family: 'arial black', sans-serif; color: #454545; font-size: 14pt;\"><strong>XII Maraton Dooko\u0142a Miedwia<\/strong><\/span><\/p>\n<p>kat. OPEN<\/p>\n<p>Artur Malec<\/p>\n<\/div>\n<div id=\"kolumny9\">\n<p><a class=\"fasc-button fasc-size-large fasc-type-flat fasc-rounded-medium\" style=\"background-color: #ffffff; color: #c00c29;\" href=\"https:\/\/racingteam.2x3.pl\/index.php\/wyscigi\/\">4M.<\/a><\/p>\n<p><span style=\"font-family: 'arial black', sans-serif; color: #454545; font-size: 14pt;\"><strong>XII Maraton Dooko\u0142a Miedwia<\/strong><\/span><\/p>\n<p>kat. M2<\/p>\n<p>Artur Malec<\/p>\n<\/div>\n<p><center><a class=\"fasc-button fasc-size-medium fasc-type-flat fasc-rounded-medium\" style=\"background-color: #ffffff; color: #c00c29;\" href=\"http:\/\/racingteam.2x3.pl\/index.php\/wyniki\/\"><strong>POKA\u017b WI\u0118CEJ<\/strong><\/a><\/center><\/p>\n","protected":false},"excerpt":{"rendered":"<p>2017 &nbsp; 5M. Trzy Wie\u017ce XC 2017 kat. OPEN Piotr Jarmu\u017cewski 3M. Trzy Wie\u017ce XC 2017 kat. M2 Piotr Jarmu\u017cewski 11M. Trzy Wie\u017ce XC 2017 kat. OPEN Artur Malec 5M. Trzy Wie\u017ce XC 2017 kat. M2 Artur Malec 18M. Trzy Wie\u017ce XC 2017 kat. OPEN Jacek Kuzynin 4M. Trzy Wie\u017ce [&hellip;]<\/p>\n","protected":false},"author":5,"featured_media":0,"parent":0,"menu_order":0,"comment_status":"closed","ping_status":"closed","template":"","meta":{"_themeisle_gutenberg_block_has_review":false,"footnotes":""},"class_list":["post-1522","page","type-page","status-publish","hentry"],"_links":{"self":[{"href":"https:\/\/racingteam.2x3.pl\/index.php\/wp-json\/wp\/v2\/pages\/1522","targetHints":{"allow":["GET"]}}],"collection":[{"href":"https:\/\/racingteam.2x3.pl\/index.php\/wp-json\/wp\/v2\/pages"}],"about":[{"href":"https:\/\/racingteam.2x3.pl\/index.php\/wp-json\/wp\/v2\/types\/page"}],"author":[{"embeddable":true,"href":"https:\/\/racingteam.2x3.pl\/index.php\/wp-json\/wp\/v2\/users\/5"}],"replies":[{"embeddable":true,"href":"https:\/\/racingteam.2x3.pl\/index.php\/wp-json\/wp\/v2\/comments?post=1522"}],"version-history":[{"count":0,"href":"https:\/\/racingteam.2x3.pl\/index.php\/wp-json\/wp\/v2\/pages\/1522\/revisions"}],"wp:attachment":[{"href":"https:\/\/racingteam.2x3.pl\/index.php\/wp-json\/wp\/v2\/media?parent=1522"}],"curies":[{"name":"wp","href":"https:\/\/api.w.org\/{rel}","templated":true}]}}