{"id":1445,"date":"2017-07-24T11:30:36","date_gmt":"2017-07-24T09:30:36","guid":{"rendered":"https:\/\/racingteam.2x3.pl\/?page_id=1445"},"modified":"2017-07-24T14:45:16","modified_gmt":"2017-07-24T12:45:16","slug":"wyniki-3","status":"publish","type":"page","link":"https:\/\/racingteam.2x3.pl\/index.php\/wyniki-3\/","title":{"rendered":"Wyniki"},"content":{"rendered":"<p style=\"text-align: center; margin-top: 250px;\"><span style=\"font-size: 24pt; color: black; font-weight: bold;\"><strong>2017<\/strong><\/span><\/p>\n<hr>\n<p><\/p>\n<div id=\"kolumny2\"><a class=\"fasc-button fasc-size-large fasc-type-flat fasc-rounded-medium\" style=\"background-color: #ffffff; color: #c00c29;\" href=\"https:\/\/racingteam.2x3.pl\/index.php\/wyscigi\/\">4M.<\/a><\/p>\n<p><span style=\"font-family: 'arial black', sans-serif; color: #454545; font-size: 14pt;\"><strong>Zachodnia Liga MTB edycja 4 Wa\u0142cz<\/strong><\/span><\/p>\n<p>kat. M4<\/p>\n<p>Darek Hlek<\/p>\n<\/div>\n<div id=\"kolumny\"><a class=\"fasc-button fasc-size-large fasc-type-flat fasc-rounded-medium\" style=\"background-color: #ffffff; color: #c00c29;\" href=\"https:\/\/racingteam.2x3.pl\/index.php\/wyscigi\/\">5M.<\/a><\/p>\n<p><span style=\"font-family: 'arial black', sans-serif; color: #454545; font-size: 14pt;\"><strong>Zachodnia Liga MTB edycja 4 Wa\u0142cz<\/strong><\/span><\/p>\n<p>kat. OPEN<\/p>\n<p>Darek Hlek<\/p>\n<\/div>\n<div id=\"kolumny3\"><a class=\"fasc-button fasc-size-large fasc-type-flat fasc-rounded-medium\" style=\"background-color: #ffffff; color: #c00c29;\" href=\"https:\/\/racingteam.2x3.pl\/index.php\/wyscigi\/\">22M.<\/a><\/p>\n<p><span style=\"font-family: 'arial black', sans-serif; color: #454545; font-size: 14pt;\"><strong>Zachodnia Liga MTB edycja 4 Wa\u0142cz<\/strong><\/span><\/p>\n<p>kat. OPEN<\/p>\n<p>Micha\u0142 Konradowski<\/p>\n<\/div>\n<div id=\"kolumny3\"><a class=\"fasc-button fasc-size-large fasc-type-flat fasc-rounded-medium\" style=\"background-color: #ffffff; color: #c00c29;\" href=\"https:\/\/racingteam.2x3.pl\/index.php\/wyscigi\/\">3M.<\/a><\/p>\n<p><span style=\"font-family: 'arial black', sans-serif; color: #454545; font-size: 14pt;\"><strong>Zachodnia Liga MTB edycja 4 Wa\u0142cz<\/strong><\/span><\/p>\n<p>kat. M2<\/p>\n<p>Micha\u0142 Konradowski<\/p>\n<\/div>\n<div id=\"kolumny4\"><a class=\"fasc-button fasc-size-large fasc-type-flat fasc-rounded-medium\" style=\"background-color: #ffffff; color: #c00c29;\" href=\"https:\/\/racingteam.2x3.pl\/index.php\/wyscigi\/\">13M.<\/a><\/p>\n<p><span style=\"font-family: 'arial black', sans-serif; color: #454545; font-size: 14pt;\"><strong>Zachodnia Liga MTB edycja 4 Wa\u0142cz<\/strong><\/span><\/p>\n<p>kat. M4<\/p>\n<p>Jacek Kuzynin<\/p>\n<\/div>\n<div id=\"kolumny5\"><a class=\"fasc-button fasc-size-large fasc-type-flat fasc-rounded-medium\" style=\"background-color: #ffffff; color: #c00c29;\" href=\"https:\/\/racingteam.2x3.pl\/index.php\/wyscigi\/\">36M.<\/a><\/p>\n<p><span style=\"font-family: 'arial black', sans-serif; color: #454545; font-size: 14pt;\"><strong>Zachodnia Liga MTB edycja 4 Wa\u0142cz<\/strong><\/span><\/p>\n<p>kat. OPEN<\/p>\n<p>Jacek Kuzynin<\/p>\n<\/div>\n<hr>\n<div id=\"kolumny6\"><a class=\"fasc-button fasc-size-large fasc-type-flat fasc-rounded-medium\" style=\"background-color: #ffffff; color: #c00c29;\" href=\"https:\/\/racingteam.2x3.pl\/index.php\/wyscigi\/\">2M.<\/a><\/p>\n<p><span style=\"font-family: 'arial black', sans-serif; color: #454545; font-size: 14pt;\"><strong>Szczecin MTB<\/strong><\/span><\/p>\n<p>kat. M2<\/p>\n<p>Piotr Jarmu\u017cewski<\/p>\n<\/div>\n<div id=\"kolumny7\"><a class=\"fasc-button fasc-size-large fasc-type-flat fasc-rounded-medium\" style=\"background-color: #ffffff; color: #c00c29;\" href=\"https:\/\/racingteam.2x3.pl\/index.php\/wyscigi\/\">5M.<\/a><\/p>\n<p><span style=\"font-family: 'arial black', sans-serif; color: #454545; font-size: 14pt;\"><strong>Szczecin MTB<\/strong><\/span><\/p>\n<p>kat. OPEN<\/p>\n<p>Piotr Jarmu\u017cewski<\/p>\n<\/div>\n<div id=\"kolumny8\"><a class=\"fasc-button fasc-size-large fasc-type-flat fasc-rounded-medium\" style=\"background-color: #ffffff; color: #c00c29;\" href=\"https:\/\/racingteam.2x3.pl\/index.php\/wyscigi\/\">38M.<\/a><\/p>\n<p><span style=\"font-family: 'arial black', sans-serif; color: #454545; font-size: 14pt;\"><strong>Szczecin MTB<\/strong><\/span><\/p>\n<p>kat. OPEN<\/p>\n<p>Jacek Kuzynin<\/p>\n<\/div>\n<div id=\"kolumny9\"><a class=\"fasc-button fasc-size-large fasc-type-flat fasc-rounded-medium\" style=\"background-color: #ffffff; color: #c00c29;\" href=\"https:\/\/racingteam.2x3.pl\/index.php\/wyscigi\/\">9M.<\/a><\/p>\n<p><span style=\"font-family: 'arial black', sans-serif; color: #454545; font-size: 14pt;\"><strong>Szczecin MTB<\/strong><\/span><\/p>\n<p>kat. OPEN<\/p>\n<p>Dariusz Hlek<\/p>\n<\/div>\n<div id=\"kolumny10\"><a class=\"fasc-button fasc-size-large fasc-type-flat fasc-rounded-medium\" style=\"background-color: #ffffff; color: #c00c29;\" href=\"https:\/\/racingteam.2x3.pl\/index.php\/wyscigi\/\">2M.<\/a><\/p>\n<p><span style=\"font-family: 'arial black', sans-serif; color: #454545; font-size: 14pt;\"><strong>Szczecin MTB<\/strong><\/span><\/p>\n<p>kat. M4<\/p>\n<p>Dariusz Hlek<\/p>\n<\/div>\n<div id=\"kolumny11\"><a class=\"fasc-button fasc-size-large fasc-type-flat fasc-rounded-medium\" style=\"background-color: #ffffff; color: #c00c29;\" href=\"https:\/\/racingteam.2x3.pl\/index.php\/wyscigi\/\">11M.<\/a><\/p>\n<p><span style=\"font-family: 'arial black', sans-serif; color: #454545; font-size: 14pt;\"><strong>Szczecin MTB<\/strong><\/span><\/p>\n<p>kat. OPEN<\/p>\n<p>Remigiusz Ku\u017amicki<\/p>\n<\/div>\n<div id=\"kolumny12\"><a class=\"fasc-button fasc-size-large fasc-type-flat fasc-rounded-medium\" style=\"background-color: #ffffff; color: #c00c29;\" href=\"https:\/\/racingteam.2x3.pl\/index.php\/wyscigi\/\">4M.<\/a><\/p>\n<p><span style=\"font-family: 'arial black', sans-serif; color: #454545; font-size: 14pt;\"><strong>Szczecin MTB<\/strong><\/span><\/p>\n<p>kat. M4<\/p>\n<p>Remigiusz Ku\u017amicki<\/p>\n<\/div>\n<div id=\"kolumny13\"><a class=\"fasc-button fasc-size-large fasc-type-flat fasc-rounded-medium\" style=\"background-color: #ffffff; color: #c00c29;\" href=\"https:\/\/racingteam.2x3.pl\/index.php\/wyscigi\/\">13M.<\/a><\/p>\n<p><span style=\"font-family: 'arial black', sans-serif; color: #454545; font-size: 14pt;\"><strong>Szczecin MTB<\/strong><\/span><\/p>\n<p>kat. OPEN<\/p>\n<p>Artur Malec<\/p>\n<\/div>\n<div id=\"kolumny14\"><a class=\"fasc-button fasc-size-large fasc-type-flat fasc-rounded-medium\" style=\"background-color: #ffffff; color: #c00c29;\" href=\"https:\/\/racingteam.2x3.pl\/index.php\/wyscigi\/\">5M.<\/a><\/p>\n<p><span style=\"font-family: 'arial black', sans-serif; color: #454545; font-size: 14pt;\"><strong>Szczecin MTB<\/strong><\/span><\/p>\n<p>kat. M2<\/p>\n<p>Artur Malec<\/p>\n<\/div>\n<div id=\"kolumny15\"><a class=\"fasc-button fasc-size-large fasc-type-flat fasc-rounded-medium\" style=\"background-color: #ffffff; color: #c00c29;\" href=\"https:\/\/racingteam.2x3.pl\/index.php\/wyscigi\/\">16M.<\/a><\/p>\n<p><span style=\"font-family: 'arial black', sans-serif; color: #454545; font-size: 14pt;\"><strong>Szczecin MTB<\/strong><\/span><\/p>\n<p>kat. OPEN<\/p>\n<p>Piotr Grzegorczyk<\/p>\n<\/div>\n<div id=\"kolumny16\"><a class=\"fasc-button fasc-size-large fasc-type-flat fasc-rounded-medium\" style=\"background-color: #ffffff; color: #c00c29;\" href=\"https:\/\/racingteam.2x3.pl\/index.php\/wyscigi\/\">6M.<\/a><\/p>\n<p><span style=\"font-family: 'arial black', sans-serif; color: #454545; font-size: 14pt;\"><strong>Szczecin MTB<\/strong><\/span><\/p>\n<p>kat. M4<\/p>\n<p>Piotr Grzegorczyk<\/p>\n<\/div>\n<div id=\"kolumny17\"><a class=\"fasc-button fasc-size-large fasc-type-flat fasc-rounded-medium\" style=\"background-color: #ffffff; color: #c00c29;\" href=\"https:\/\/racingteam.2x3.pl\/index.php\/wyscigi\/\">22M.<\/a><\/p>\n<p><span style=\"font-family: 'arial black', sans-serif; color: #454545; font-size: 14pt;\"><strong>Szczecin MTB<\/strong><\/span><\/p>\n<p>kat. OPEN<\/p>\n<p>Micha\u0142 Kondradowski<\/p>\n<\/div>\n","protected":false},"excerpt":{"rendered":"<p>2017 4M. Zachodnia Liga MTB edycja 4 Wa\u0142cz kat. M4 Darek Hlek 5M. Zachodnia Liga MTB edycja 4 Wa\u0142cz kat. OPEN Darek Hlek 22M. Zachodnia Liga MTB edycja 4 Wa\u0142cz kat. OPEN Micha\u0142 Konradowski 3M. Zachodnia Liga MTB edycja 4 Wa\u0142cz kat. M2 Micha\u0142 Konradowski 13M. Zachodnia Liga MTB edycja [&hellip;]<\/p>\n","protected":false},"author":5,"featured_media":0,"parent":0,"menu_order":0,"comment_status":"closed","ping_status":"closed","template":"","meta":{"_themeisle_gutenberg_block_has_review":false,"footnotes":""},"class_list":["post-1445","page","type-page","status-publish","hentry"],"_links":{"self":[{"href":"https:\/\/racingteam.2x3.pl\/index.php\/wp-json\/wp\/v2\/pages\/1445","targetHints":{"allow":["GET"]}}],"collection":[{"href":"https:\/\/racingteam.2x3.pl\/index.php\/wp-json\/wp\/v2\/pages"}],"about":[{"href":"https:\/\/racingteam.2x3.pl\/index.php\/wp-json\/wp\/v2\/types\/page"}],"author":[{"embeddable":true,"href":"https:\/\/racingteam.2x3.pl\/index.php\/wp-json\/wp\/v2\/users\/5"}],"replies":[{"embeddable":true,"href":"https:\/\/racingteam.2x3.pl\/index.php\/wp-json\/wp\/v2\/comments?post=1445"}],"version-history":[{"count":0,"href":"https:\/\/racingteam.2x3.pl\/index.php\/wp-json\/wp\/v2\/pages\/1445\/revisions"}],"wp:attachment":[{"href":"https:\/\/racingteam.2x3.pl\/index.php\/wp-json\/wp\/v2\/media?parent=1445"}],"curies":[{"name":"wp","href":"https:\/\/api.w.org\/{rel}","templated":true}]}}